{"id":70,"date":"2014-02-24T16:06:48","date_gmt":"2014-02-24T14:06:48","guid":{"rendered":"http:\/\/www.online-kredits.lv\/?page_id=70"},"modified":"2014-02-24T16:07:06","modified_gmt":"2014-02-24T14:07:06","slug":"chavo","status":"publish","type":"page","link":"https:\/\/www.online-kredits.lv\/ru\/chavo\/","title":{"rendered":"\u0427\u0430\u0412\u043e"},"content":{"rendered":"<p><a href=\"#ka-sanemt\" class=\"bookm\" title=\"\u041a\u0430\u043a \u043f\u043e\u043b\u0443\u0447\u0438\u0442\u044c \u043a\u0440\u0435\u0434\u0438\u0442?\">\u041a\u0430\u043a \u043f\u043e\u043b\u0443\u0447\u0438\u0442\u044c \u043a\u0440\u0435\u0434\u0438\u0442?<\/a><br \/>\n<a href=\"#ka-sanemt-bez-procentiem\" class=\"bookm\" title=\"\u041a\u0430\u043a \u043f\u043e\u043b\u0443\u0447\u0438\u0442\u044c \u043a\u0440\u0435\u0434\u0438\u0442 \u0431\u0435\u0437 \u043f\u0440\u043e\u0446\u0435\u043d\u0442\u043e\u0432?\">\u041a\u0430\u043a \u043f\u043e\u043b\u0443\u0447\u0438\u0442\u044c \u043a\u0440\u0435\u0434\u0438\u0442 \u0431\u0435\u0437 \u043f\u0440\u043e\u0446\u0435\u043d\u0442\u043e\u0432?<\/a><br \/>\n<a href=\"#ka-sanemt-bez-kilas\" class=\"bookm\" title=\"\u041a\u0430\u043a \u043f\u043e\u043b\u0443\u0447\u0438\u0442\u044c \u043a\u0440\u0435\u0434\u0438\u0442 \u0431\u0435\u0437 \u0437\u0430\u043b\u043e\u0433\u0430?\">\u041a\u0430\u043a \u043f\u043e\u043b\u0443\u0447\u0438\u0442\u044c \u043a\u0440\u0435\u0434\u0438\u0442 \u0431\u0435\u0437 \u0437\u0430\u043b\u043e\u0433\u0430?<\/a><br \/>\n<a href=\"#kur-izdevigak\" class=\"bookm\" title=\"\u0413\u0434\u0435 \u043f\u043e\u043b\u0443\u0447\u0438\u0442\u044c \u0432\u044b\u0433\u043e\u0434\u043d\u044b\u0439 \u043a\u0440\u0435\u0434\u0438\u0442?\">\u0413\u0434\u0435 \u043f\u043e\u043b\u0443\u0447\u0438\u0442\u044c \u0432\u044b\u0433\u043e\u0434\u043d\u044b\u0439 \u043a\u0440\u0435\u0434\u0438\u0442?<\/a><\/p>\n<section id=\"ka-sanemt\">\n<h4>\u041a\u0430\u043a \u043f\u043e\u043b\u0443\u0447\u0438\u0442\u044c \u043a\u0440\u0435\u0434\u0438\u0442?<\/h4>\n<p>\u0427\u0442\u043e\u0431\u044b \u043f\u043e\u043b\u0443\u0447\u0438\u0442\u044c \u043a\u0440\u0435\u0434\u0438\u0442, \u0412\u044b \u0434\u043e\u043b\u0436\u043d\u044b \u0431\u044b\u0442\u044c \u0436\u0438\u0442\u0435\u043b\u0435\u043c \u041b\u0430\u0442\u0432\u0438\u0438 \u0438 \u0438\u043c\u0435\u0442\u044c \u0431\u0430\u043d\u043a\u043e\u0432\u0441\u043a\u0438\u0439 \u0441\u0447\u0435\u0442 \u0438 \u0434\u043e\u0441\u0442\u0443\u043f \u043a \u0438\u043d\u0442\u0435\u0440\u043d\u0435\u0442\u0443. \u0412 \u0441\u0440\u0435\u0434\u043d\u0435\u043c, \u0432\u043e\u0437\u0440\u0430\u0441\u0442, \u0441 \u043a\u043e\u0442\u043e\u0440\u043e\u0433\u043e \u043d\u0430\u0447\u0438\u043d\u0430\u044e\u0442 \u0432\u044b\u0434\u0430\u0432\u0430\u0442\u044c \u043a\u0440\u0435\u0434\u0438\u0442 &#8211; \u044d\u0442\u043e 21 \u0433\u043e\u0434. \u0417\u0430\u043d\u0438\u043c\u0430\u044f \u0431\u044b\u0441\u0442\u0440\u044b\u0439 \u043a\u0440\u0435\u0434\u0438\u0442, \u0412\u0430\u0448\u0438 \u0434\u043e\u0445\u043e\u0434\u044b \u043d\u0435 \u043f\u0440\u043e\u0432\u0435\u0440\u044f\u044e\u0442\u0441\u044f &#8211; \u043f\u0440\u043e\u0432\u0435\u0440\u044f\u044e\u0442 \u0442\u043e\u043b\u044c\u043a\u043e \u043a\u0440\u0435\u0434\u0438\u0442\u043d\u0443\u044e \u0438\u0441\u0442\u043e\u0440\u0438\u044e. \u0427\u0442\u043e\u0431\u044b \u0437\u0430\u043d\u044f\u0442\u044c \u0431\u044b\u0441\u0442\u0440\u044b\u0439 \u043f\u043e\u0442\u0440\u0435\u0431\u0438\u0442\u0435\u043b\u044c\u0441\u043a\u0438\u0439 \u043a\u0440\u0435\u0434\u0438\u0442, \u043d\u0435\u043e\u0431\u0445\u043e\u0434\u0438\u043c \u0441\u0442\u0430\u0431\u0438\u043b\u044c\u043d\u044b\u0439 \u0434\u043e\u0445\u043e\u0434. \u0427\u0442\u043e\u0431\u044b \u043f\u043e\u043b\u0443\u0447\u0438\u0442\u044c \u043a\u0440\u0435\u0434\u0438\u0442 \u043f\u043e\u0434 \u0437\u0430\u043b\u043e\u0433, \u043d\u0435 \u0442\u0440\u0435\u0431\u0443\u0435\u0442\u0441\u044f \u043d\u0438 \u0434\u043e\u0445\u043e\u0434, \u043d\u0438 \u0447\u0438\u0441\u0442\u0430\u044f \u0438\u0441\u0442\u043e\u0440\u0438\u044f, \u0442\u0430\u043a \u043a\u0430\u043a \u0412\u044b \u0441\u0442\u0440\u0430\u0445\u0443\u0435\u0442\u0435 \u0441\u0432\u043e\u0439 \u0437\u0430\u0435\u043c \u0437\u0430\u043b\u043e\u0436\u0435\u043d\u043d\u044b\u043c \u0438\u043c\u0443\u0449\u0435\u0441\u0442\u0432\u043e\u043c.<\/section>\n<section id=\"ka-sanemt-bez-procentiem\">\n<h4>\u041a\u0430\u043a \u043f\u043e\u043b\u0443\u0447\u0438\u0442\u044c \u043a\u0440\u0435\u0434\u0438\u0442 \u0431\u0435\u0437 \u043f\u0440\u043e\u0446\u0435\u043d\u0442\u043e\u0432?<\/h4>\n<p>\u041c\u043d\u043e\u0433\u0438\u0435 \u043a\u0440\u0435\u0434\u0438\u0442\u043e\u0440\u044b \u043f\u0440\u0435\u0434\u043b\u0430\u0433\u0430\u044e\u0442 \u0431\u044b\u0441\u0442\u0440\u044b\u0439 \u043a\u0440\u0435\u0434\u0438\u0442 \u0431\u0435\u0437 \u043f\u0440\u043e\u0446\u0435\u043d\u0442\u043e\u0432 \u0432 \u043f\u0435\u0440\u0432\u044b\u0439 \u0440\u0430\u0437. \u0422\u0430\u043a\u0430\u044f \u0432\u043e\u0437\u043c\u043e\u0436\u043d\u043e\u0441\u0442\u044c \u0435\u0441\u0442\u044c \u043e\u0434\u0438\u043d \u0440\u0430\u0437, \u043e\u0434\u043d\u0430\u043a\u043e \u043e\u0442 \u043c\u043d\u043e\u0433\u0438\u0445 \u043a\u0440\u0435\u0434\u0438\u0442\u043e\u0440\u043e\u0432. \u041a\u0440\u0435\u0434\u0438\u0442 \u0431\u0435\u0437 \u043f\u0440\u043e\u0446\u0435\u043d\u0442\u043e\u0432 \u0412\u044b \u043c\u043e\u0436\u0435\u0442\u0435 \u043f\u043e\u043b\u0443\u0447\u0438\u0442\u044c \u043e\u043a\u043e\u043b\u043e 10 \u0440\u0430\u0437. \u042d\u0442\u0430 \u0432\u043e\u0437\u043c\u043e\u0436\u043d\u043e\u0441\u0442\u044c \u0438 \u043f\u0440\u0430\u0432\u0434\u0430 \u044f\u0432\u043b\u044f\u0435\u0442\u0441\u044f \u043e\u0447\u0435\u043d\u044c \u0432\u044b\u0433\u043e\u0434\u043d\u043e\u0439. \u0412\u044b\u0431\u0440\u0430\u0442\u044c \u043e\u0434\u043d\u043e\u0433\u043e \u0438\u0437 \u0442\u0430\u043a\u0438\u0445 \u043a\u0440\u0435\u0434\u0438\u0442\u043e\u0440\u043e\u0432 \u0412\u044b \u043c\u043e\u0436\u0435\u0442\u0435 \u043d\u0430 \u043d\u0430\u0448\u0435\u043c \u0441\u0430\u0439\u0442\u0435 &#8211; <a href=\"https:\/\/www.online-kredits.lv\/ru\/bystryj-kredit\/\" title=\"\u0411\u044b\u0441\u0442\u0440\u044b\u0439 \u043a\u0440\u0435\u0434\u0438\u0442\">\u0437\u0434\u0435\u0441\u044c<\/a>.<br \/>\n<\/section>\n<section id=\"ka-sanemt-bez-kilas\">\n<h4>\u041a\u0430\u043a \u043f\u043e\u043b\u0443\u0447\u0438\u0442\u044c \u043a\u0440\u0435\u0434\u0438\u0442 \u0431\u0435\u0437 \u0437\u0430\u043b\u043e\u0433\u0430?<\/h4>\n<p>\u041a\u0440\u0435\u0434\u0438\u0442 \u0431\u0435\u0437 \u0437\u0430\u043b\u043e\u0433\u0430 \u0434\u043e\u0441\u0442\u0443\u043f\u0435\u043d \u0434\u043e 10 000 &euro;. \u0427\u0442\u043e\u0431\u044b \u0435\u0433\u043e \u043f\u043e\u043b\u0443\u0447\u0438\u0442\u044c \u043d\u0435\u043e\u0431\u0445\u043e\u0434\u0438\u043c \u0441\u0442\u0430\u0431\u0438\u043b\u044c\u043d\u044b\u0439 \u0434\u043e\u0445\u043e\u0434 \u0438 \u0447\u0438\u0441\u0442\u0430\u044f \u043a\u0440\u0435\u0434\u0438\u0442\u043d\u0430\u044f \u0438\u0441\u0442\u043e\u0440\u0438\u044f. \u0412\u0440\u0435\u043c\u044f \u043f\u043e\u043b\u0443\u0447\u0435\u043d\u0438\u044f \u043a\u0440\u0435\u0434\u0438\u0442\u0430 \u0437\u0430\u043d\u0438\u043c\u0430\u0435\u0442 \u0432\u0441\u0435\u0433\u043e \u043e\u0434\u0438\u043d \u0434\u0435\u043d\u044c. \u0411\u043e\u043b\u044c\u0448\u0435 \u043e \u043f\u043e\u0442\u0440\u0435\u0431\u0438\u0442\u0435\u043b\u044c\u0441\u043a\u0438\u0439 \u043a\u0440\u0435\u0434\u0438\u0442\u0430\u0445 \u0447\u0438\u0442\u0430\u0439\u0442\u0435 <a href=\"https:\/\/www.online-kredits.lv\/ru\/potrebitelskij-kredit\/\" title=\"Pat\u0113ri\u0146a kred\u012bts\">\u0437\u0434\u0435\u0441\u044c<\/a>. \u0411\u044b\u0441\u0442\u0440\u044b\u0435 \u043a\u0440\u0430\u0442\u043a\u043e\u0441\u0440\u043e\u0447\u043d\u044b\u0435 \u043a\u0440\u0435\u0434\u0438\u0442\u044b \u0434\u043e\u0441\u0442\u0443\u043f\u043d\u044b \u0431\u0435\u0437 \u0437\u0430\u043b\u043e\u0433\u0430 \u0438 \u0431\u0435\u0437 \u0441\u043f\u0440\u0430\u0432\u043a\u0438 \u043e \u0434\u043e\u0445\u043e\u0434\u0430\u0445.<br \/>\n<\/section>\n<section id=\"kur-izdevigak\">\n<h4>\u0413\u0434\u0435 \u043f\u043e\u043b\u0443\u0447\u0438\u0442\u044c \u0432\u044b\u0433\u043e\u0434\u043d\u044b\u0439 \u043a\u0440\u0435\u0434\u0438\u0442?<\/h4>\n<p>\u041a\u0430\u0436\u0434\u044b\u0439 \u0431\u044b\u0441\u0442\u0440\u044b\u0439 \u043a\u0440\u0435\u0434\u0438\u0442 \u0432\u044b\u0433\u043e\u0434\u0435\u043d. \u0417\u0430\u043d\u0438\u043c\u0430\u044f \u0432 \u043f\u0435\u0440\u0432\u044b\u0439 \u0440\u0430\u0437, \u0412\u0430\u043c \u043d\u0435 \u043d\u0430\u0434\u043e \u043f\u043b\u0430\u0442\u0438\u0442\u044c \u043f\u0440\u043e\u0446\u0435\u043d\u0442\u043d\u0443\u044e \u0441\u0442\u0430\u0432\u043a\u0443 \u0437\u0430 \u0438\u0441\u043f\u043e\u043b\u044c\u0437\u043e\u0432\u0430\u043d\u0438\u0435 \u043a\u0440\u0435\u0434\u0438\u0442\u0430. \u041f\u043b\u0430\u0442\u043d\u044b\u0435 \u043a\u0440\u0435\u0434\u0438\u0442\u044b \u0438\u043c\u0435\u044e\u0442 \u043d\u0438\u0437\u043a\u0443\u044e \u043f\u043b\u0430\u0442\u0443, \u0430 \u0442\u0430\u043a\u0436\u0435 \u0441\u043b\u0443\u0447\u0430\u0438, \u043a\u043e\u0433\u0434\u0430 \u043d\u0435\u043e\u0431\u0445\u043e\u0434\u0438\u043c \u043a\u0440\u0435\u0434\u0438\u0442, \u043c\u043e\u0433\u0443\u0442 \u0431\u044b\u0442\u044c \u0440\u0430\u0437\u043d\u044b\u043c\u0438, \u043f\u043e\u044d\u0442\u043e\u043c\u0443, \u043a\u0430\u0436\u0434\u044b\u0439 \u043a\u0440\u0435\u0434\u0438\u0442 \u043c\u043e\u0436\u0435\u0442 \u0431\u044b\u0442\u044c \u0432\u044b\u0433\u043e\u0434\u043d\u044b\u043c \u0438\u043b\u0438 \u043d\u0435\u0432\u044b\u0433\u043e\u0434\u043d\u044b\u043c \u0432 \u0437\u0430\u0432\u0438\u0441\u0438\u043c\u043e\u0441\u0442\u0438 \u043e\u0442 \u0441\u0438\u0442\u0443\u0430\u0446\u0438\u0438. \u041e\u0434\u043d\u0430\u043a\u043e, \u043c\u044b \u0441\u043e\u0432\u0435\u0442\u0443\u0435\u043c \u043e\u0444\u043e\u0440\u043c\u043b\u044f\u0442\u044c \u0434\u043e\u043b\u0433\u043e\u0441\u0440\u043e\u0447\u043d\u044b\u0435 \u043a\u0440\u0435\u0434\u0438\u0442\u044b, \u0442\u0430\u043a \u043a\u0430\u043a, \u043d\u0430 \u0441\u0430\u043c\u043e\u043c \u0434\u0435\u043b\u0435, \u043d\u0438\u043a\u043e\u0433\u0434\u0430 \u043d\u0435\u043b\u044c\u0437\u044f \u0441\u043a\u0430\u0437\u0430\u0442\u044c \u0441 \u0443\u0432\u0435\u0440\u0435\u043d\u043d\u043e\u0441\u0442\u044c\u044e, \u0441\u043c\u043e\u0436\u0435\u0442\u0435 \u043b\u0438 \u0412\u044b \u043e\u0442\u0434\u0430\u0442\u044c 300 \u0435\u0432\u0440\u043e \u0432 \u043a\u043e\u043d\u0446\u0435 \u043c\u0435\u0441\u044f\u0446\u0430. \u0414\u0430\u0436\u0435 \u043d\u0435\u0431\u043e\u043b\u044c\u0448\u0443\u044e \u0441\u0443\u043c\u043c\u0443 \u043b\u0443\u0447\u0448\u0435 \u0440\u0430\u0441\u0442\u044f\u043d\u0443\u0442\u044c \u043d\u0430 \u043d\u0435\u0441\u043a\u043e\u043b\u044c\u043a\u043e \u043c\u0435\u0441\u044f\u0446\u0435\u0432, \u0442\u0430\u043a \u043a\u0430\u043a \u0435\u0436\u0435\u043c\u0435\u0441\u044f\u0447\u043d\u044b\u0439 \u043f\u043b\u0430\u0442\u0435\u0436 \u0441\u0442\u0430\u043d\u043e\u0432\u0438\u0442\u0441\u044f \u043c\u0435\u043d\u044c\u0448\u0435 \u0438 \u043e\u0441\u0442\u0430\u044e\u0442\u0441\u044f \u0434\u0435\u043d\u044c\u0433\u0438 \u043d\u0430 \u043d\u0435\u043f\u0440\u0435\u0434\u0432\u0438\u0434\u0435\u043d\u043d\u044b\u0435 \u0440\u0430\u0441\u0445\u043e\u0434\u044b.<br \/>\n<\/section>\n","protected":false},"excerpt":{"rendered":"<p>\u041a\u0430\u043a \u043f\u043e\u043b\u0443\u0447\u0438\u0442\u044c \u043a\u0440\u0435\u0434\u0438\u0442? \u041a\u0430\u043a \u043f\u043e\u043b\u0443\u0447\u0438\u0442\u044c \u043a\u0440\u0435\u0434\u0438\u0442 \u0431\u0435\u0437 \u043f\u0440\u043e\u0446\u0435\u043d\u0442\u043e\u0432? \u041a\u0430\u043a \u043f\u043e\u043b\u0443\u0447\u0438\u0442\u044c \u043a\u0440\u0435\u0434\u0438\u0442 \u0431\u0435\u0437 \u0437\u0430\u043b\u043e\u0433\u0430? \u0413\u0434\u0435 \u043f\u043e\u043b\u0443\u0447\u0438\u0442\u044c \u0432\u044b\u0433\u043e\u0434\u043d\u044b\u0439 \u043a\u0440\u0435\u0434\u0438\u0442? \u041a\u0430\u043a \u043f\u043e\u043b\u0443\u0447\u0438\u0442\u044c \u043a\u0440\u0435\u0434\u0438\u0442? \u0427\u0442\u043e\u0431\u044b \u043f\u043e\u043b\u0443\u0447\u0438\u0442\u044c \u043a\u0440\u0435\u0434\u0438\u0442, \u0412\u044b \u0434\u043e\u043b\u0436\u043d\u044b \u0431\u044b\u0442\u044c \u0436\u0438\u0442\u0435\u043b\u0435\u043c \u041b\u0430\u0442\u0432\u0438\u0438 \u0438 \u0438\u043c\u0435\u0442\u044c \u0431\u0430\u043d\u043a\u043e\u0432\u0441\u043a\u0438\u0439 \u0441\u0447\u0435\u0442 \u0438 \u0434\u043e\u0441\u0442\u0443\u043f \u043a \u0438\u043d\u0442\u0435\u0440\u043d\u0435\u0442\u0443. \u0412 \u0441\u0440\u0435\u0434\u043d\u0435\u043c, \u0432\u043e\u0437\u0440\u0430\u0441\u0442, \u0441 \u043a\u043e\u0442\u043e\u0440\u043e\u0433\u043e \u043d\u0430\u0447\u0438\u043d\u0430\u044e\u0442 \u0432\u044b\u0434\u0430\u0432\u0430\u0442\u044c \u043a\u0440\u0435\u0434\u0438\u0442 &#8211; \u044d\u0442\u043e 21 \u0433\u043e\u0434. \u0417\u0430\u043d\u0438\u043c\u0430\u044f \u0431\u044b\u0441\u0442\u0440\u044b\u0439 \u043a\u0440\u0435\u0434\u0438\u0442, \u0412\u0430\u0448\u0438 \u0434\u043e\u0445\u043e\u0434\u044b \u043d\u0435 \u043f\u0440\u043e\u0432\u0435\u0440\u044f\u044e\u0442\u0441\u044f [&hellip;]<\/p>\n","protected":false},"author":1,"featured_media":0,"parent":0,"menu_order":0,"comment_status":"open","ping_status":"open","template":"","meta":{"footnotes":""},"class_list":["post-70","page","type-page","status-publish","hentry"],"_links":{"self":[{"href":"https:\/\/www.online-kredits.lv\/ru\/wp-json\/wp\/v2\/pages\/70","targetHints":{"allow":["GET"]}}],"collection":[{"href":"https:\/\/www.online-kredits.lv\/ru\/wp-json\/wp\/v2\/pages"}],"about":[{"href":"https:\/\/www.online-kredits.lv\/ru\/wp-json\/wp\/v2\/types\/page"}],"author":[{"embeddable":true,"href":"https:\/\/www.online-kredits.lv\/ru\/wp-json\/wp\/v2\/users\/1"}],"replies":[{"embeddable":true,"href":"https:\/\/www.online-kredits.lv\/ru\/wp-json\/wp\/v2\/comments?post=70"}],"version-history":[{"count":1,"href":"https:\/\/www.online-kredits.lv\/ru\/wp-json\/wp\/v2\/pages\/70\/revisions"}],"predecessor-version":[{"id":71,"href":"https:\/\/www.online-kredits.lv\/ru\/wp-json\/wp\/v2\/pages\/70\/revisions\/71"}],"wp:attachment":[{"href":"https:\/\/www.online-kredits.lv\/ru\/wp-json\/wp\/v2\/media?parent=70"}],"curies":[{"name":"wp","href":"https:\/\/api.w.org\/{rel}","templated":true}]}}